{"id":808,"date":"2021-06-28T14:50:23","date_gmt":"2021-06-28T18:50:23","guid":{"rendered":"https:\/\/arts-rancourt.com\/bio\/"},"modified":"2025-08-29T14:24:21","modified_gmt":"2025-08-29T18:24:21","slug":"bio","status":"publish","type":"page","link":"https:\/\/arts-rancourt.com\/en\/bio\/","title":{"rendered":"Bio"},"content":{"rendered":"\t\t<div data-elementor-type=\"wp-page\" data-elementor-id=\"808\" class=\"elementor elementor-808 elementor-21\" data-elementor-post-type=\"page\">\n\t\t\t\t\t\t<section class=\"elementor-section elementor-top-section elementor-element elementor-element-d719870 elementor-section-boxed elementor-section-height-default elementor-section-height-default\" data-id=\"d719870\" data-element_type=\"section\" data-e-type=\"section\">\n\t\t\t\t\t\t<div class=\"elementor-container elementor-column-gap-default\">\n\t\t\t\t\t<div class=\"elementor-column elementor-col-100 elementor-top-column elementor-element elementor-element-cc0603b\" data-id=\"cc0603b\" data-element_type=\"column\" data-e-type=\"column\">\n\t\t\t<div class=\"elementor-widget-wrap elementor-element-populated\">\n\t\t\t\t\t\t<div class=\"elementor-element elementor-element-c253826 elementor-widget elementor-widget-text-editor\" data-id=\"c253826\" data-element_type=\"widget\" data-e-type=\"widget\" data-widget_type=\"text-editor.default\">\n\t\t\t\t\t\t\t\t\t<h1>Fabienne Rancourt<\/h1>\n\t\t\t\t\t\t\t\t<\/div>\n\t\t\t\t\t<\/div>\n\t\t<\/div>\n\t\t\t\t\t<\/div>\n\t\t<\/section>\n\t\t\t\t<section class=\"elementor-section elementor-top-section elementor-element elementor-element-e6f4030 elementor-section-boxed elementor-section-height-default elementor-section-height-default\" data-id=\"e6f4030\" data-element_type=\"section\" data-e-type=\"section\">\n\t\t\t\t\t\t<div class=\"elementor-container elementor-column-gap-default\">\n\t\t\t\t\t<div class=\"elementor-column elementor-col-100 elementor-top-column elementor-element elementor-element-9420963\" data-id=\"9420963\" data-element_type=\"column\" data-e-type=\"column\">\n\t\t\t<div class=\"elementor-widget-wrap elementor-element-populated\">\n\t\t\t\t\t\t<div class=\"elementor-element elementor-element-02206ee elementor-invisible elementor-widget elementor-widget-image\" data-id=\"02206ee\" data-element_type=\"widget\" data-e-type=\"widget\" data-settings=\"{&quot;_animation&quot;:&quot;fadeIn&quot;}\" data-widget_type=\"image.default\">\n\t\t\t\t\t\t\t\t\t\t\t\t\t\t\t<img fetchpriority=\"high\" decoding=\"async\" width=\"948\" height=\"1308\" src=\"https:\/\/arts-rancourt.com\/wp-content\/uploads\/2025\/08\/Fabienne-Rancourt-carre4.jpg\" class=\"attachment-full size-full wp-image-1265\" alt=\"Fabienne Rancourt photo\" srcset=\"https:\/\/arts-rancourt.com\/wp-content\/uploads\/2025\/08\/Fabienne-Rancourt-carre4.jpg 948w, https:\/\/arts-rancourt.com\/wp-content\/uploads\/2025\/08\/Fabienne-Rancourt-carre4-217x300.jpg 217w, https:\/\/arts-rancourt.com\/wp-content\/uploads\/2025\/08\/Fabienne-Rancourt-carre4-742x1024.jpg 742w, https:\/\/arts-rancourt.com\/wp-content\/uploads\/2025\/08\/Fabienne-Rancourt-carre4-768x1060.jpg 768w\" sizes=\"(max-width: 948px) 100vw, 948px\" \/>\t\t\t\t\t\t\t\t\t\t\t\t\t\t\t<\/div>\n\t\t\t\t<div class=\"elementor-element elementor-element-0c43817 elementor-widget elementor-widget-heading\" data-id=\"0c43817\" data-element_type=\"widget\" data-e-type=\"widget\" data-widget_type=\"heading.default\">\n\t\t\t\t\t<h2 class=\"elementor-heading-title elementor-size-default\">First Years<\/h2>\t\t\t\t<\/div>\n\t\t\t\t<div class=\"elementor-element elementor-element-6d06279 just elementor-invisible elementor-widget elementor-widget-text-editor\" data-id=\"6d06279\" data-element_type=\"widget\" data-e-type=\"widget\" data-settings=\"{&quot;_animation&quot;:&quot;slideInUp&quot;}\" data-widget_type=\"text-editor.default\">\n\t\t\t\t\t\t\t\t\t<p>After studying art at Coll\u00e8ge Jean-de-Br\u00e9beuf and at the Universit\u00e9 du Qu\u00e9bec \u00e0 Montr\u00e9al (UQAM), I perfected my training at the \u00c9cole de dorure et de restauration de papier in Paris. I then went on to refine my knowledge by enrolling in a course in architectural carpentry and cabinetmaking in Montreal. <\/p><br><p>At the beginning of my career, my work was marked by the use of noble materials, such as gold and silver leaf, which I applied to wood sculptures that incorporated other materials such as metal. From this experience emerged a masterful sculpture called \u201cThe Dragon\u201d. My style of painting was abstract at first.<\/p>\t\t\t\t\t\t\t\t<\/div>\n\t\t\t\t<div class=\"elementor-element elementor-element-f59c02c elementor-widget elementor-widget-heading\" data-id=\"f59c02c\" data-element_type=\"widget\" data-e-type=\"widget\" data-widget_type=\"heading.default\">\n\t\t\t\t\t<h2 class=\"elementor-heading-title elementor-size-default\">The Present<\/h2>\t\t\t\t<\/div>\n\t\t\t\t<div class=\"elementor-element elementor-element-aed0b43 just elementor-invisible elementor-widget elementor-widget-text-editor\" data-id=\"aed0b43\" data-element_type=\"widget\" data-e-type=\"widget\" data-settings=\"{&quot;_animation&quot;:&quot;slideInUp&quot;}\" data-widget_type=\"text-editor.default\">\n\t\t\t\t\t\t\t\t\t<p>Evolution, as a privilege of experience, led me to a more off-beat art style of painting. Inspired by the great Master Francis Bacon, I started experimenting with disproportion and geometry in my work.<\/p>\n<p>My style of sculpture also underwent a profound metamorphosis. The prodigious idea of transposing my work into material replicas was a titanic task.  <\/p>\n<p><strong>My passion<\/strong>: Directing.\u00a0<\/p>\n<p><strong>My obsession<\/strong>: To create portraits that transcend the physical reproduction of a character. I look into the abyss of the subject\u2019s soul to reveal it\u2019s darkest side, and make beauty out of it.<\/p>\n<div>\u00a0<\/div>\n\t\t\t\t\t\t\t\t<\/div>\n\t\t\t\t\t<\/div>\n\t\t<\/div>\n\t\t\t\t\t<\/div>\n\t\t<\/section>\n\t\t\t\t<\/div>\n\t\t","protected":false},"excerpt":{"rendered":"<p>Fabienne Rancourt First Years After studying art at Coll\u00e8ge Jean-de-Br\u00e9beuf and at the Universit\u00e9 du Qu\u00e9bec \u00e0 Montr\u00e9al (UQAM), I perfected my training at the \u00c9cole de dorure et de restauration de papier in Paris. I then went on to refine my knowledge by enrolling in a course in architectural carpentry and cabinetmaking in Montreal. [&hellip;]<\/p>\n","protected":false},"author":1,"featured_media":157,"parent":0,"menu_order":0,"comment_status":"closed","ping_status":"closed","template":"elementor_header_footer","meta":{"inline_featured_image":false,"site-sidebar-layout":"no-sidebar","site-content-layout":"page-builder","ast-site-content-layout":"full-width-container","site-content-style":"unboxed","site-sidebar-style":"unboxed","ast-global-header-display":"","ast-banner-title-visibility":"","ast-main-header-display":"","ast-hfb-above-header-display":"","ast-hfb-below-header-display":"","ast-hfb-mobile-header-display":"","site-post-title":"disabled","ast-breadcrumbs-content":"","ast-featured-img":"disabled","footer-sml-layout":"","ast-disable-related-posts":"","theme-transparent-header-meta":"default","adv-header-id-meta":"","stick-header-meta":"","header-above-stick-meta":"","header-main-stick-meta":"","header-below-stick-meta":"","astra-migrate-meta-layouts":"default","ast-page-background-enabled":"default","ast-page-background-meta":{"desktop":{"background-color":"","background-image":"","background-repeat":"repeat","background-position":"center center","background-size":"auto","background-attachment":"scroll","background-type":"","background-media":"","overlay-type":"","overlay-color":"","overlay-opacity":"","overlay-gradient":""},"tablet":{"background-color":"","background-image":"","background-repeat":"repeat","background-position":"center center","background-size":"auto","background-attachment":"scroll","background-type":"","background-media":"","overlay-type":"","overlay-color":"","overlay-opacity":"","overlay-gradient":""},"mobile":{"background-color":"","background-image":"","background-repeat":"repeat","background-position":"center center","background-size":"auto","background-attachment":"scroll","background-type":"","background-media":"","overlay-type":"","overlay-color":"","overlay-opacity":"","overlay-gradient":""}},"ast-content-background-meta":{"desktop":{"background-color":"var(--ast-global-color-5)","background-image":"","background-repeat":"repeat","background-position":"center center","background-size":"auto","background-attachment":"scroll","background-type":"","background-media":"","overlay-type":"","overlay-color":"","overlay-opacity":"","overlay-gradient":""},"tablet":{"background-color":"var(--ast-global-color-5)","background-image":"","background-repeat":"repeat","background-position":"center center","background-size":"auto","background-attachment":"scroll","background-type":"","background-media":"","overlay-type":"","overlay-color":"","overlay-opacity":"","overlay-gradient":""},"mobile":{"background-color":"var(--ast-global-color-5)","background-image":"","background-repeat":"repeat","background-position":"center center","background-size":"auto","background-attachment":"scroll","background-type":"","background-media":"","overlay-type":"","overlay-color":"","overlay-opacity":"","overlay-gradient":""}},"footnotes":""},"class_list":["post-808","page","type-page","status-publish","has-post-thumbnail","hentry"],"yoast_head":"<!-- This site is optimized with the Yoast SEO plugin v27.5 - https:\/\/yoast.com\/product\/yoast-seo-wordpress\/ -->\n<title>Bio - Fabienne Rancourt artist, painting and sculptures<\/title>\n<meta name=\"description\" content=\"Fabienne Rancourt creates portraits beyond the physical reproduction of a character. As if she wanted to bring out the dark side that inhabits the soul of the subject.\" \/>\n<meta name=\"robots\" content=\"index, follow, max-snippet:-1, max-image-preview:large, max-video-preview:-1\" \/>\n<link rel=\"canonical\" href=\"https:\/\/arts-rancourt.com\/en\/bio\/\" \/>\n<meta property=\"og:locale\" content=\"en_US\" \/>\n<meta property=\"og:type\" content=\"article\" \/>\n<meta property=\"og:title\" content=\"Bio - Fabienne Rancourt artist, painting and sculptures\" \/>\n<meta property=\"og:description\" content=\"Fabienne Rancourt creates portraits beyond the physical reproduction of a character. As if she wanted to bring out the dark side that inhabits the soul of the subject.\" \/>\n<meta property=\"og:url\" content=\"https:\/\/arts-rancourt.com\/en\/bio\/\" \/>\n<meta property=\"og:site_name\" content=\"Fabienne Rancourt\" \/>\n<meta property=\"article:modified_time\" content=\"2025-08-29T18:24:21+00:00\" \/>\n<meta property=\"og:image\" content=\"https:\/\/arts-rancourt.com\/wp-content\/uploads\/2021\/01\/Fabienne-Rancourt-carre.jpg\" \/>\n\t<meta property=\"og:image:width\" content=\"800\" \/>\n\t<meta property=\"og:image:height\" content=\"800\" \/>\n\t<meta property=\"og:image:type\" content=\"image\/jpeg\" \/>\n<meta name=\"twitter:card\" content=\"summary_large_image\" \/>\n<meta name=\"twitter:label1\" content=\"Est. reading time\" \/>\n\t<meta name=\"twitter:data1\" content=\"1 minute\" \/>\n<script type=\"application\/ld+json\" class=\"yoast-schema-graph\">{\"@context\":\"https:\\\/\\\/schema.org\",\"@graph\":[{\"@type\":\"WebPage\",\"@id\":\"https:\\\/\\\/arts-rancourt.com\\\/en\\\/bio\\\/\",\"url\":\"https:\\\/\\\/arts-rancourt.com\\\/en\\\/bio\\\/\",\"name\":\"Bio - Fabienne Rancourt artist, painting and sculptures\",\"isPartOf\":{\"@id\":\"https:\\\/\\\/arts-rancourt.com\\\/en\\\/#website\"},\"primaryImageOfPage\":{\"@id\":\"https:\\\/\\\/arts-rancourt.com\\\/en\\\/bio\\\/#primaryimage\"},\"image\":{\"@id\":\"https:\\\/\\\/arts-rancourt.com\\\/en\\\/bio\\\/#primaryimage\"},\"thumbnailUrl\":\"https:\\\/\\\/arts-rancourt.com\\\/wp-content\\\/uploads\\\/2021\\\/01\\\/Fabienne-Rancourt-carre.jpg\",\"datePublished\":\"2021-06-28T18:50:23+00:00\",\"dateModified\":\"2025-08-29T18:24:21+00:00\",\"description\":\"Fabienne Rancourt creates portraits beyond the physical reproduction of a character. As if she wanted to bring out the dark side that inhabits the soul of the subject.\",\"breadcrumb\":{\"@id\":\"https:\\\/\\\/arts-rancourt.com\\\/en\\\/bio\\\/#breadcrumb\"},\"inLanguage\":\"en-US\",\"potentialAction\":[{\"@type\":\"ReadAction\",\"target\":[\"https:\\\/\\\/arts-rancourt.com\\\/en\\\/bio\\\/\"]}]},{\"@type\":\"ImageObject\",\"inLanguage\":\"en-US\",\"@id\":\"https:\\\/\\\/arts-rancourt.com\\\/en\\\/bio\\\/#primaryimage\",\"url\":\"https:\\\/\\\/arts-rancourt.com\\\/wp-content\\\/uploads\\\/2021\\\/01\\\/Fabienne-Rancourt-carre.jpg\",\"contentUrl\":\"https:\\\/\\\/arts-rancourt.com\\\/wp-content\\\/uploads\\\/2021\\\/01\\\/Fabienne-Rancourt-carre.jpg\",\"width\":800,\"height\":800,\"caption\":\"Fabienne Rancourt\"},{\"@type\":\"BreadcrumbList\",\"@id\":\"https:\\\/\\\/arts-rancourt.com\\\/en\\\/bio\\\/#breadcrumb\",\"itemListElement\":[{\"@type\":\"ListItem\",\"position\":1,\"name\":\"Accueil\",\"item\":\"https:\\\/\\\/arts-rancourt.com\\\/en\\\/\"},{\"@type\":\"ListItem\",\"position\":2,\"name\":\"Bio\"}]},{\"@type\":\"WebSite\",\"@id\":\"https:\\\/\\\/arts-rancourt.com\\\/en\\\/#website\",\"url\":\"https:\\\/\\\/arts-rancourt.com\\\/en\\\/\",\"name\":\"Fabienne Rancourt\",\"description\":\"Peinture et sculpture\",\"publisher\":{\"@id\":\"https:\\\/\\\/arts-rancourt.com\\\/en\\\/#organization\"},\"potentialAction\":[{\"@type\":\"SearchAction\",\"target\":{\"@type\":\"EntryPoint\",\"urlTemplate\":\"https:\\\/\\\/arts-rancourt.com\\\/en\\\/?s={search_term_string}\"},\"query-input\":{\"@type\":\"PropertyValueSpecification\",\"valueRequired\":true,\"valueName\":\"search_term_string\"}}],\"inLanguage\":\"en-US\"},{\"@type\":\"Organization\",\"@id\":\"https:\\\/\\\/arts-rancourt.com\\\/en\\\/#organization\",\"name\":\"Fabienne Rancourt\",\"url\":\"https:\\\/\\\/arts-rancourt.com\\\/en\\\/\",\"logo\":{\"@type\":\"ImageObject\",\"inLanguage\":\"en-US\",\"@id\":\"https:\\\/\\\/arts-rancourt.com\\\/en\\\/#\\\/schema\\\/logo\\\/image\\\/\",\"url\":\"https:\\\/\\\/arts-rancourt.com\\\/wp-content\\\/uploads\\\/2021\\\/01\\\/cropped-Logo-1.png\",\"contentUrl\":\"https:\\\/\\\/arts-rancourt.com\\\/wp-content\\\/uploads\\\/2021\\\/01\\\/cropped-Logo-1.png\",\"width\":950,\"height\":458,\"caption\":\"Fabienne Rancourt\"},\"image\":{\"@id\":\"https:\\\/\\\/arts-rancourt.com\\\/en\\\/#\\\/schema\\\/logo\\\/image\\\/\"}}]}<\/script>\n<!-- \/ Yoast SEO plugin. -->","yoast_head_json":{"title":"Bio - Fabienne Rancourt artist, painting and sculptures","description":"Fabienne Rancourt creates portraits beyond the physical reproduction of a character. As if she wanted to bring out the dark side that inhabits the soul of the subject.","robots":{"index":"index","follow":"follow","max-snippet":"max-snippet:-1","max-image-preview":"max-image-preview:large","max-video-preview":"max-video-preview:-1"},"canonical":"https:\/\/arts-rancourt.com\/en\/bio\/","og_locale":"en_US","og_type":"article","og_title":"Bio - Fabienne Rancourt artist, painting and sculptures","og_description":"Fabienne Rancourt creates portraits beyond the physical reproduction of a character. As if she wanted to bring out the dark side that inhabits the soul of the subject.","og_url":"https:\/\/arts-rancourt.com\/en\/bio\/","og_site_name":"Fabienne Rancourt","article_modified_time":"2025-08-29T18:24:21+00:00","og_image":[{"width":800,"height":800,"url":"https:\/\/arts-rancourt.com\/wp-content\/uploads\/2021\/01\/Fabienne-Rancourt-carre.jpg","type":"image\/jpeg"}],"twitter_card":"summary_large_image","twitter_misc":{"Est. reading time":"1 minute"},"schema":{"@context":"https:\/\/schema.org","@graph":[{"@type":"WebPage","@id":"https:\/\/arts-rancourt.com\/en\/bio\/","url":"https:\/\/arts-rancourt.com\/en\/bio\/","name":"Bio - Fabienne Rancourt artist, painting and sculptures","isPartOf":{"@id":"https:\/\/arts-rancourt.com\/en\/#website"},"primaryImageOfPage":{"@id":"https:\/\/arts-rancourt.com\/en\/bio\/#primaryimage"},"image":{"@id":"https:\/\/arts-rancourt.com\/en\/bio\/#primaryimage"},"thumbnailUrl":"https:\/\/arts-rancourt.com\/wp-content\/uploads\/2021\/01\/Fabienne-Rancourt-carre.jpg","datePublished":"2021-06-28T18:50:23+00:00","dateModified":"2025-08-29T18:24:21+00:00","description":"Fabienne Rancourt creates portraits beyond the physical reproduction of a character. As if she wanted to bring out the dark side that inhabits the soul of the subject.","breadcrumb":{"@id":"https:\/\/arts-rancourt.com\/en\/bio\/#breadcrumb"},"inLanguage":"en-US","potentialAction":[{"@type":"ReadAction","target":["https:\/\/arts-rancourt.com\/en\/bio\/"]}]},{"@type":"ImageObject","inLanguage":"en-US","@id":"https:\/\/arts-rancourt.com\/en\/bio\/#primaryimage","url":"https:\/\/arts-rancourt.com\/wp-content\/uploads\/2021\/01\/Fabienne-Rancourt-carre.jpg","contentUrl":"https:\/\/arts-rancourt.com\/wp-content\/uploads\/2021\/01\/Fabienne-Rancourt-carre.jpg","width":800,"height":800,"caption":"Fabienne Rancourt"},{"@type":"BreadcrumbList","@id":"https:\/\/arts-rancourt.com\/en\/bio\/#breadcrumb","itemListElement":[{"@type":"ListItem","position":1,"name":"Accueil","item":"https:\/\/arts-rancourt.com\/en\/"},{"@type":"ListItem","position":2,"name":"Bio"}]},{"@type":"WebSite","@id":"https:\/\/arts-rancourt.com\/en\/#website","url":"https:\/\/arts-rancourt.com\/en\/","name":"Fabienne Rancourt","description":"Peinture et sculpture","publisher":{"@id":"https:\/\/arts-rancourt.com\/en\/#organization"},"potentialAction":[{"@type":"SearchAction","target":{"@type":"EntryPoint","urlTemplate":"https:\/\/arts-rancourt.com\/en\/?s={search_term_string}"},"query-input":{"@type":"PropertyValueSpecification","valueRequired":true,"valueName":"search_term_string"}}],"inLanguage":"en-US"},{"@type":"Organization","@id":"https:\/\/arts-rancourt.com\/en\/#organization","name":"Fabienne Rancourt","url":"https:\/\/arts-rancourt.com\/en\/","logo":{"@type":"ImageObject","inLanguage":"en-US","@id":"https:\/\/arts-rancourt.com\/en\/#\/schema\/logo\/image\/","url":"https:\/\/arts-rancourt.com\/wp-content\/uploads\/2021\/01\/cropped-Logo-1.png","contentUrl":"https:\/\/arts-rancourt.com\/wp-content\/uploads\/2021\/01\/cropped-Logo-1.png","width":950,"height":458,"caption":"Fabienne Rancourt"},"image":{"@id":"https:\/\/arts-rancourt.com\/en\/#\/schema\/logo\/image\/"}}]}},"_links":{"self":[{"href":"https:\/\/arts-rancourt.com\/en\/wp-json\/wp\/v2\/pages\/808","targetHints":{"allow":["GET"]}}],"collection":[{"href":"https:\/\/arts-rancourt.com\/en\/wp-json\/wp\/v2\/pages"}],"about":[{"href":"https:\/\/arts-rancourt.com\/en\/wp-json\/wp\/v2\/types\/page"}],"author":[{"embeddable":true,"href":"https:\/\/arts-rancourt.com\/en\/wp-json\/wp\/v2\/users\/1"}],"replies":[{"embeddable":true,"href":"https:\/\/arts-rancourt.com\/en\/wp-json\/wp\/v2\/comments?post=808"}],"version-history":[{"count":4,"href":"https:\/\/arts-rancourt.com\/en\/wp-json\/wp\/v2\/pages\/808\/revisions"}],"predecessor-version":[{"id":1270,"href":"https:\/\/arts-rancourt.com\/en\/wp-json\/wp\/v2\/pages\/808\/revisions\/1270"}],"wp:featuredmedia":[{"embeddable":true,"href":"https:\/\/arts-rancourt.com\/en\/wp-json\/wp\/v2\/media\/157"}],"wp:attachment":[{"href":"https:\/\/arts-rancourt.com\/en\/wp-json\/wp\/v2\/media?parent=808"}],"curies":[{"name":"wp","href":"https:\/\/api.w.org\/{rel}","templated":true}]}}